{"id":1844,"date":"2021-06-23T20:23:53","date_gmt":"2021-06-23T18:23:53","guid":{"rendered":"http:\/\/relaunch2021.ferger-metallbau.de\/?page_id=1844"},"modified":"2024-07-03T10:43:22","modified_gmt":"2024-07-03T08:43:22","slug":"impressum","status":"publish","type":"page","link":"https:\/\/ferger-metallbau.de\/en\/impressum\/","title":{"rendered":"Impressum"},"content":{"rendered":"<div data-elementor-type=\"wp-page\" data-elementor-id=\"1844\" class=\"elementor elementor-1844\">\n\t\t\t\t\t\t<section class=\"elementor-section elementor-top-section elementor-element elementor-element-9610908 elementor-section-stretched elementor-section-boxed elementor-section-height-default elementor-section-height-default qodef-elementor-content-no\" data-id=\"9610908\" data-element_type=\"section\" data-e-type=\"section\" data-settings=\"{&quot;stretch_section&quot;:&quot;section-stretched&quot;,&quot;background_background&quot;:&quot;classic&quot;}\">\n\t\t\t\t\t\t<div class=\"elementor-container elementor-column-gap-default\">\n\t\t\t\t\t<div class=\"elementor-column elementor-col-50 elementor-top-column elementor-element elementor-element-0d0975f\" data-id=\"0d0975f\" data-element_type=\"column\" data-e-type=\"column\">\n\t\t\t<div class=\"elementor-widget-wrap elementor-element-populated\">\n\t\t\t\t\t\t<div class=\"elementor-element elementor-element-f5d8dd8 elementor-widget elementor-widget-spacer\" data-id=\"f5d8dd8\" data-element_type=\"widget\" data-e-type=\"widget\" data-widget_type=\"spacer.default\">\n\t\t\t\t<div class=\"elementor-widget-container\">\n\t\t\t\t\t\t\t<div class=\"elementor-spacer\">\n\t\t\t<div class=\"elementor-spacer-inner\"><\/div>\n\t\t<\/div>\n\t\t\t\t\t\t<\/div>\n\t\t\t\t<\/div>\n\t\t\t\t<div class=\"elementor-element elementor-element-6615930 elementor-widget elementor-widget-text-editor\" data-id=\"6615930\" data-element_type=\"widget\" data-e-type=\"widget\" data-widget_type=\"text-editor.default\">\n\t\t\t\t<div class=\"elementor-widget-container\">\n\t\t\t\t\t\t\t\t\t<h1>Impressum<\/h1>\t\t\t\t\t\t\t\t<\/div>\n\t\t\t\t<\/div>\n\t\t\t\t\t<\/div>\n\t\t<\/div>\n\t\t\t\t<div class=\"elementor-column elementor-col-50 elementor-top-column elementor-element elementor-element-00c5637\" data-id=\"00c5637\" data-element_type=\"column\" data-e-type=\"column\">\n\t\t\t<div class=\"elementor-widget-wrap\">\n\t\t\t\t\t\t\t<\/div>\n\t\t<\/div>\n\t\t\t\t\t<\/div>\n\t\t<\/section>\n\t\t\t\t<section class=\"elementor-section elementor-top-section elementor-element elementor-element-3924d02 elementor-section-stretched elementor-section-boxed elementor-section-height-default elementor-section-height-default qodef-elementor-content-no\" data-id=\"3924d02\" data-element_type=\"section\" data-e-type=\"section\" data-settings=\"{&quot;stretch_section&quot;:&quot;section-stretched&quot;}\">\n\t\t\t\t\t\t<div class=\"elementor-container elementor-column-gap-wider\">\n\t\t\t\t\t<div class=\"elementor-column elementor-col-100 elementor-top-column elementor-element elementor-element-4552740\" data-id=\"4552740\" data-element_type=\"column\" data-e-type=\"column\">\n\t\t\t<div class=\"elementor-widget-wrap elementor-element-populated\">\n\t\t\t\t\t\t<div class=\"elementor-element elementor-element-d11d3fa elementor-widget elementor-widget-text-editor\" data-id=\"d11d3fa\" data-element_type=\"widget\" data-e-type=\"widget\" data-widget_type=\"text-editor.default\">\n\t\t\t\t<div class=\"elementor-widget-container\">\n\t\t\t\t\t\t\t\t\t<h5>Ferger Metallbau GmbH<\/h5>\n<p>Stuhllindenstra\u00dfe 19<br>56459 Winnen\/Ww<\/p>\n<p>Telefon +49 (0) 2663 2905 0<br>Telefax +49 (0) 2663 2905 55<br>info@ferger-metallbau.de<\/p>\n<h4>Vertretungsberechtigt:<\/h4>\n<div class=\"\">Volker Ferger, Florian Ferger, Kristin Venter<\/div>\n<div class=\"\">&nbsp;<\/div>\n<div class=\"\">Handelsregister: AG Montabaur, HRB 1806<\/div>\n<div class=\"\">USt.IdNr. DE 148 555 364<\/div>\n<div class=\"\">&nbsp;<\/div>\n<h4>Haftungshinweise:<\/h4>\n<div class=\"\">Trotz sorgf\u00e4ltiger inhaltlicher Kontrolle \u00fcbernehmen wir keine Haftung f\u00fcr die Inhalte externer Links. F\u00fcr den Inhalt der verlinkten Seiten sind ausschlie\u00dflich deren Betreiber verantwortlich.<\/div>\n<div class=\"\">&nbsp;<\/div>\n<h4>Bildnachweise:<\/h4>\n<div class=\"\">Projekt-\/Referenzen: <a href=\"https:\/\/www.instagram.com\/conne_van_d_grachten\/?hl=de\">Conn\u00e9 van d&#8217;Grachten<\/a><\/div>\n<div class=\"\">Aufnahmen FERGER intern: ImKinoDas, Westerburg, <a href=\"http:\/\/www.imkinodas.de\">www.imkinodas.de<\/a><\/div>\n<div class=\"\">&nbsp;<\/div>\n<h4>Realisierung:<\/h4>\n<div class=\"\">3! werbeagentur, Hachenburg, <a class=\"\" href=\"http:\/\/dreiwerbung.de\" target=\"_blank\" rel=\"noopener\">dreiwerbung.de<\/a><\/div>\t\t\t\t\t\t\t\t<\/div>\n\t\t\t\t<\/div>\n\t\t\t\t\t<\/div>\n\t\t<\/div>\n\t\t\t\t\t<\/div>\n\t\t<\/section>\n\t\t\t\t<\/div>","protected":false},"excerpt":{"rendered":"<p>Impressum Ferger Metallbau GmbH Stuhllindenstra\u00dfe 1956459 Winnen\/Ww Telefon +49 (0) 2663 2905 0Telefax +49 (0) 2663 2905 55info@ferger-metallbau.de Vertretungsberechtigt: Volker Ferger, Florian Ferger, Kristin Venter &nbsp; Handelsregister: AG Montabaur, HRB 1806 USt.IdNr. DE 148 555 364 &nbsp; Haftungshinweise: Trotz sorgf\u00e4ltiger inhaltlicher Kontrolle \u00fcbernehmen wir keine Haftung f\u00fcr die Inhalte externer Links. F\u00fcr den Inhalt der [&hellip;]<\/p>\n","protected":false},"author":1,"featured_media":0,"parent":0,"menu_order":0,"comment_status":"closed","ping_status":"closed","template":"","meta":{"inline_featured_image":false,"footnotes":""},"class_list":["post-1844","page","type-page","status-publish","hentry"],"_links":{"self":[{"href":"https:\/\/ferger-metallbau.de\/en\/wp-json\/wp\/v2\/pages\/1844","targetHints":{"allow":["GET"]}}],"collection":[{"href":"https:\/\/ferger-metallbau.de\/en\/wp-json\/wp\/v2\/pages"}],"about":[{"href":"https:\/\/ferger-metallbau.de\/en\/wp-json\/wp\/v2\/types\/page"}],"author":[{"embeddable":true,"href":"https:\/\/ferger-metallbau.de\/en\/wp-json\/wp\/v2\/users\/1"}],"replies":[{"embeddable":true,"href":"https:\/\/ferger-metallbau.de\/en\/wp-json\/wp\/v2\/comments?post=1844"}],"version-history":[{"count":45,"href":"https:\/\/ferger-metallbau.de\/en\/wp-json\/wp\/v2\/pages\/1844\/revisions"}],"predecessor-version":[{"id":3890,"href":"https:\/\/ferger-metallbau.de\/en\/wp-json\/wp\/v2\/pages\/1844\/revisions\/3890"}],"wp:attachment":[{"href":"https:\/\/ferger-metallbau.de\/en\/wp-json\/wp\/v2\/media?parent=1844"}],"curies":[{"name":"wp","href":"https:\/\/api.w.org\/{rel}","templated":true}]}}