{"id":1852,"date":"2021-06-23T20:29:06","date_gmt":"2021-06-23T18:29:06","guid":{"rendered":"http:\/\/relaunch2021.ferger-metallbau.de\/?page_id=1852"},"modified":"2021-07-07T20:23:06","modified_gmt":"2021-07-07T18:23:06","slug":"datenschutz","status":"publish","type":"page","link":"https:\/\/ferger-metallbau.de\/en\/datenschutz\/","title":{"rendered":"Datenschutz"},"content":{"rendered":"<div data-elementor-type=\"wp-page\" data-elementor-id=\"1852\" class=\"elementor elementor-1852\">\n\t\t\t\t\t\t<section class=\"elementor-section elementor-top-section elementor-element elementor-element-9610908 elementor-section-stretched elementor-section-boxed elementor-section-height-default elementor-section-height-default qodef-elementor-content-no\" data-id=\"9610908\" data-element_type=\"section\" data-e-type=\"section\" data-settings=\"{&quot;stretch_section&quot;:&quot;section-stretched&quot;,&quot;background_background&quot;:&quot;classic&quot;}\">\n\t\t\t\t\t\t<div class=\"elementor-container elementor-column-gap-default\">\n\t\t\t\t\t<div class=\"elementor-column elementor-col-50 elementor-top-column elementor-element elementor-element-0d0975f\" data-id=\"0d0975f\" data-element_type=\"column\" data-e-type=\"column\">\n\t\t\t<div class=\"elementor-widget-wrap elementor-element-populated\">\n\t\t\t\t\t\t<div class=\"elementor-element elementor-element-f5d8dd8 elementor-widget elementor-widget-spacer\" data-id=\"f5d8dd8\" data-element_type=\"widget\" data-e-type=\"widget\" data-widget_type=\"spacer.default\">\n\t\t\t\t<div class=\"elementor-widget-container\">\n\t\t\t\t\t\t\t<div class=\"elementor-spacer\">\n\t\t\t<div class=\"elementor-spacer-inner\"><\/div>\n\t\t<\/div>\n\t\t\t\t\t\t<\/div>\n\t\t\t\t<\/div>\n\t\t\t\t<div class=\"elementor-element elementor-element-6615930 elementor-widget elementor-widget-text-editor\" data-id=\"6615930\" data-element_type=\"widget\" data-e-type=\"widget\" data-widget_type=\"text-editor.default\">\n\t\t\t\t<div class=\"elementor-widget-container\">\n\t\t\t\t\t\t\t\t\t<h1>Datenschutz<\/h1>\t\t\t\t\t\t\t\t<\/div>\n\t\t\t\t<\/div>\n\t\t\t\t\t<\/div>\n\t\t<\/div>\n\t\t\t\t<div class=\"elementor-column elementor-col-50 elementor-top-column elementor-element elementor-element-00c5637\" data-id=\"00c5637\" data-element_type=\"column\" data-e-type=\"column\">\n\t\t\t<div class=\"elementor-widget-wrap\">\n\t\t\t\t\t\t\t<\/div>\n\t\t<\/div>\n\t\t\t\t\t<\/div>\n\t\t<\/section>\n\t\t\t\t<section class=\"elementor-section elementor-top-section elementor-element elementor-element-3924d02 elementor-section-stretched elementor-section-boxed elementor-section-height-default elementor-section-height-default qodef-elementor-content-no\" data-id=\"3924d02\" data-element_type=\"section\" data-e-type=\"section\" data-settings=\"{&quot;stretch_section&quot;:&quot;section-stretched&quot;}\">\n\t\t\t\t\t\t<div class=\"elementor-container elementor-column-gap-wider\">\n\t\t\t\t\t<div class=\"elementor-column elementor-col-100 elementor-top-column elementor-element elementor-element-4552740\" data-id=\"4552740\" data-element_type=\"column\" data-e-type=\"column\">\n\t\t\t<div class=\"elementor-widget-wrap elementor-element-populated\">\n\t\t\t\t\t\t<div class=\"elementor-element elementor-element-d11d3fa elementor-widget elementor-widget-text-editor\" data-id=\"d11d3fa\" data-element_type=\"widget\" data-e-type=\"widget\" data-widget_type=\"text-editor.default\">\n\t\t\t\t<div class=\"elementor-widget-container\">\n\t\t\t\t\t\t\t\t\t<h3>Datenschutzerkl\u00e4rung Ferger Metallbau GmbH<\/h3><p>Die Ferger Metallbau GmbH erhebt und verarbeitet im Zusammenhang mit dem Betrieb dieser Website Daten zu Ihrer Person. Der Schutz Ihrer Daten ist uns ein wichtiges Anliegen. Wir behandeln Ihre personenbezogenen Daten deshalb absolut vertraulich und entsprechend der gesetzlichen Datenschutzvorschriften.<br \/>Unser Onlineangebot kann auch Verlinkungen auf externe Web-Angebote enthalten. F\u00fcr den Inhalt dieser externen redaktionellen Angebote \u00fcbernehmen wir jedoch keine Verantwortung. Wenn Sie unsere Webseite verlassen, empfehlen wir, die Datenschutzrichtlinie jeder Website, die personenbezogene Daten sammelt, sorgf\u00e4ltig zu lesen.<\/p><h4>I. Verantwortliche<\/h4><p><strong><br \/>a) Verantwortlich f\u00fcr die Datenverarbeitung<\/strong><br \/><strong><br \/>Ferger Metallbau GmbH<\/strong><br \/>Stuhllindenstra\u00dfe 19<br \/>56459 Winnen\/Ww<\/p><p>Telefon: +49 (0)2663 2905 0<br \/>Fax: +49 (0)2663 2905 55<br \/><a href=\"mailto:info@ferger-metallbau.de\"><strong>info@ferger-metallbau.de<\/strong><\/a><\/p><p><strong>b) Datenschutzbeauftragte<\/strong><\/p><p>Dr. Julia Zirfas<br \/>ZUKUNFT:Datenschutz<br \/>56459 Kaden<br \/>Tel.: (0151) 2027 5433<br \/>E-Mail:\u00a0<a href=\"https:\/\/web.archive.org\/web\/20200805035754\/mailto:info@zukunft-datenschutz.de\"><strong>info@zukunft-datenschutz.de<\/strong><\/a><\/p><h4><strong>II. Was sind personenbezogene Daten?<\/strong><\/h4><p>Personenbezogene Daten sind alle Daten, die sich direkt oder indirekt auf Sie als Person beziehen. Dazu geh\u00f6ren beispielsweise solche Daten wie ihr Geburtsdatum, ihre Adresse und IP-Adresse aber auch Texte oder Bilder, die einen R\u00fcckschluss auf Sie als Person zulassen. Die folgende Datenschutzerkl\u00e4rung erl\u00e4utert, welche Daten wir erheben und wof\u00fcr wir sie nutzen. Sie erl\u00e4utert auch, wie und zu welchem Zweck dies geschieht.<\/p><h4><strong>III. Welche Daten werden verarbeitet?<\/strong><\/h4><p><strong>a) Beim Besuch auf der Webseite<\/strong><\/p><p>Wenn Sie unsere Webseite www.ferger-metallbau.de und entsprechende Unterseiten besuchen, wird jeder Zugriff und jeder Abruf einer auf dieser Internetseite hinterlegten Datei protokolliert, um die Nutzung des Internetangebots zu erm\u00f6glichen. Protokolliert werden:<\/p><ul><li>Name der abgerufenen Seite<\/li><li>Datum und Uhrzeit des Abrufs<\/li><li>\u00fcbertragene Datenmenge<\/li><li>Dauer des Besuchs<\/li><li>Meldung \u00fcber erfolgreichen Abruf<\/li><li>anfragende Domain<\/li><li>IP-Adresse<\/li><li>benutzter Browser<\/li><li>verwendetes Betriebssystem<\/li><li>Name Ihres Access Providers<\/li><\/ul><p>Die Daten werden ebenfalls in den Logfiles unseres Systems gespeichert. Eine Speicherung dieser Daten zusammen mit anderen personenbezogenen Daten des Nutzers findet nicht statt.<\/p><p><strong><em>1. Rechtsgrundlage<br \/><\/em><\/strong><br \/>Rechtsgrundlage f\u00fcr die vor\u00fcbergehende Speicherung der Daten und der Logfiles ist ein berechtigtes Interesse Art. 6 Abs. 1 lit. f DSGVO.<\/p><p><strong><em>2. Zu welchem Zweck werden diese Daten verarbeitet?<\/em><\/strong><\/p><p>Die vor\u00fcbergehende Speicherung der IP-Adresse durch das System ist notwendig, um eine Auslieferung der Website an den Rechner des Nutzers zu erm\u00f6glichen. Hierf\u00fcr muss die IP-Adresse des Nutzers f\u00fcr die Dauer der Sitzung gespeichert bleiben. Die Speicherung in Logfiles erfolgt, um die Funktionsf\u00e4higkeit der Website sicherzustellen. Zudem dienen uns die Daten zur Optimierung der Website und zur Sicherstellung der Sicherheit unserer informationstechnischen Systeme. Eine Auswertung der Daten zu Marketingzwecken findet in diesem Zusammenhang nicht statt.<\/p><p><strong><em>3. Wie lange werden die Daten gespeichert?<\/em><\/strong><\/p><p>Die Daten werden gel\u00f6scht, sobald sie f\u00fcr die Erreichung des Zwecks ihrer Erhebung nicht mehr erforderlich sind. Bei der Erfassung der Daten zur Bereitstellung der Website ist dies der Fall, wenn die jeweilige Sitzung beendet ist. Die in den Logfiles gespeicherten Daten werden sp\u00e4testens nach 30 Tagen gel\u00f6scht.<\/p><p><strong>b) Durch die Verwendung von Cookies<\/strong><\/p><p>Unsere Webseite verwendet Cookies. Bei Cookies handelt es sich um Textdateien, die im Internetbrowser bzw. vom Internetbrowser auf dem Computersystem des Nutzers gespeichert werden. Ruft ein Nutzer eine Website auf, so kann ein Cookie auf dem Betriebssystem des Nutzers gespeichert werden. Der Cookie enth\u00e4lt eine charakteristische Zeichenfolge, die eine eindeutige Identifizierung des Browsers beim erneuten Aufrufen der Website erm\u00f6glicht. Session Cookies speichern Informationen, die w\u00e4hrend Ihres aktuellen Seitenbesuchs verwendet werden. Diese Cookies werden automatisch gel\u00f6scht, wenn Sie unsere Seite verlassen.<\/p><p>Dar\u00fcber hinaus setzen wir ebenfalls zur Optimierung der Benutzerfreundlichkeit tempor\u00e4re Cookies ein, die f\u00fcr einen bestimmten festgelegten Zeitraum auf Ihrem Endger\u00e4t gespeichert werden. Besuchen Sie unsere Seite erneut, um unsere Dienste in Anspruch zu nehmen, wird automatisch erkannt, dass Sie bereits bei uns waren und welche Eingaben und Einstellungen sie get\u00e4tigt haben, um diese nicht noch einmal eingeben zu m\u00fcssen.<\/p><p><strong><em>1. Rechtsgrundlage<\/em><\/strong><\/p><p>Die durch Cookies verarbeiteten Daten sind f\u00fcr die genannten Zwecke zur Wahrung unserer berechtigten Interessen nach Art. 6 Abs. 1 S. 1 lit. f DSGVO erforderlich.<\/p><p><strong><em>2. Zu welchem Zweck werden diese Daten verarbeitet?<\/em><\/strong><\/p><p>Der Zweck der Verwendung von Cookies ist, die Nutzung der Webseite f\u00fcr die Nutzer zu vereinfachen. Einige Funktionen unserer Internetseite k\u00f6nnen ohne den Einsatz von Cookies nicht angeboten werden. F\u00fcr diese ist es erforderlich, dass der Browser auch nach einem Seitenwechsel wiedererkannt wird.<\/p><p>Die erhobenen Nutzerdaten verwenden wir nicht dazu, Nutzerprofile zu erstellen oder Besucher unserer Seiten mit Werbung zu versorgen. Die durch die Cookies erzeugten Informationen \u00fcber Ihre Benutzung dieser Webseite werden nicht an Dritte weitergegeben.<\/p><p><strong><em>3. Wie lange werden Cookies gespeichert und wie kann ich Sie l\u00f6schen?<\/em><\/strong><\/p><p>Cookies werden auf Ihrem Rechner gespeichert und von diesem an unsere Seite \u00fcbermittelt. Daher haben Sie als Nutzer auch die volle Kontrolle \u00fcber die Verwendung von Cookies. Sie haben die M\u00f6glichkeit, die Nutzung von Cookies zu unterbinden. Dazu m\u00fcssen Sie die entsprechenden Einstellungen in Ihrem Internetbrowser (z. B. Internet Explorer, Mozilla Firefox, Opera oder Safari) \u00e4ndern. Bereits gespeicherte Cookies k\u00f6nnen jederzeit gel\u00f6scht werden. Dies kann auch automatisiert erfolgen. Werden Cookies f\u00fcr unsere Website deaktiviert, k\u00f6nnen m\u00f6glicherweise nicht mehr alle Funktionen der Website vollumf\u00e4nglich genutzt werden.<\/p><p><strong>c) Bei der Kommunikation per E-Mail, Telefon oder Fax<\/strong><\/p><p>Sie k\u00f6nnen ganz einfach mit uns \u00fcber E-Mail, Telefon und Telefax (z.B. \u00fcber die Kontaktdaten unter \u201eI. Verantwortliche\u201c oder unter\u00a0<a href=\"https:\/\/web.archive.org\/web\/20200805035754\/http:\/www.ferger-metallbau.de\/kontakt\/\"><strong>www.ferger-metallbau.de\/kontakt\/<\/strong><\/a>) in Kontakt treten. In diesem Fall werden zumeist folgende Daten erhoben:<\/p><ul><li>Nachrichteninhalt (hier steuern Sie den Inhalt)<\/li><li>Je nach Kontaktart: E-Mail-Adresse, Telefonnummer, Faxnummer<\/li><li>Ihr Name oder der Ihres Unternehmens<\/li><li>Sonstige Daten, die Sie uns freiwillig mitteilen<\/li><\/ul><ol><li><strong><strong><em> Rechtsgrundlage<\/em><\/strong><\/strong><p>\u00a0<\/p>Rechtsgrundlage f\u00fcr die Verarbeitung der Daten, die durch den Kontakt mit uns \u00fcbermittelt werden, ist Art. 6 Abs. 1 lit. f DSGVO. Zielt die Kontaktaufnahme auf den Abschluss eines Vertrags oder findet innerhalb eines Vertragsverh\u00e4ltnisses statt, so ist zus\u00e4tzliche Rechtsgrundlage f\u00fcr die Verarbeitung Art. 6 Abs. 1 lit. b DSGVO.<p><strong><em>2. Zu welchem Zweck werden diese Daten verarbeitet?<\/em><\/strong><\/p><p>Die Daten werden nur f\u00fcr eine Beantwortung oder die Kontaktaufnahme mit Ihnen ben\u00f6tigt und somit auch nicht dar\u00fcber hinaus verarbeitet oder weitergegeben.<br \/><strong><em><br \/>3. Wie lange werden die Daten gespeichert?<\/em><\/strong><\/p><p>Die f\u00fcr die Kommunikation erhobenen personenbezogenen Daten werden nach Erledigung, der von Ihnen gestellten Anfrage automatisch gel\u00f6scht. Hier kann es immer auch zu Folgenachfragen kommen, dann bleiben die Daten bis zur finalen Beantwortung gespeichert.<\/p><\/li><\/ol><p>Daten zu einem Vertrag bleiben bis zur Vertragserf\u00fcllung gespeichert. Auch nach Beendigung des Vertrags k\u00f6nnen vertragliche oder gesetzliche Verpflichtungen einer L\u00f6schung der personenbezogenen Daten entgegenstehen. Wir unterliegen hier insbesondere den steuerrechtlichen Aufbewahrungsfristen, die zehn Jahre betragen.<\/p><p>Auch Daten zu Auftr\u00e4gen, Rechnungen oder sonstigen steuer- oder handelsrechtlichen relevanten Inhalten m\u00fcssen gem\u00e4\u00df entsprechender Aufbewahrungspflichten l\u00e4nger aufbewahrt werden.<\/p><p><strong>d) Durch den Einsatz von Google WebFonts<\/strong><\/p><p>Diese Seite nutzt zur einheitlichen Darstellung von Schriftarten so genannte Web Fonts, die von Google (Google Inc.,1600 Amphitheatre Parkway, Mountain View, CA 94043, USA) bereitgestellt werden. Beim Aufruf einer Seite l\u00e4dt Ihr Browser die ben\u00f6tigten Web Fonts in ihren Browsercache, um Texte und Schriftarten korrekt anzuzeigen. Wenn Ihr Browser Web Fonts nicht unterst\u00fctzt, wird eine Standardschrift von Ihrem Computer genutzt.<\/p><p>Zu diesem Zweck muss der von Ihnen verwendete Browser Verbindung zu den Servern von Google aufnehmen. Hierdurch erlangt Google Kenntnis dar\u00fcber, dass \u00fcber Ihre\u00a0<strong>IP-Adresse<\/strong>\u00a0unsere Website aufgerufen wurde.<\/p><p><strong><em>1. Rechtsgrundlage<br \/><\/em><\/strong><br \/>Die Nutzung von Google Web Fonts erfolgt im Interesse einer einheitlichen und ansprechenden Darstellung unserer Online-Angebote. Dies stellt ein berechtigtes Interesse im Sinne von Art. 6 Abs. 1 lit. f DSGVO dar.<br \/><strong><em><br \/>2. Zu welchem Zweck werden diese Daten verarbeitet?<br \/><\/em><\/strong><br \/>Die Nutzung von Google WebFonts hat Einfluss auf das Aussehen unserer Webseite. Um Ihnen als Nutzer eine einheitliche und ansprechende Darstellung zu gew\u00e4hrleisten binden diese Schriftarten ein.<\/p><p><strong><em>3. Werden die Daten weitergegeben?<\/em><\/strong><\/p><p>In dem Zusammenhang mit der Einbindung von Google Web Fonts werden Daten an Google \u00fcbermittelt. Dabei kommt es auch zu Aufrufen von Servern von Google in den USA. Weitere Informationen zu Google Web Fonts finden Sie unter https:\/\/developers.google.com\/fonts\/faq und in der Datenschutzerkl\u00e4rung von Google:\u00a0<a href=\"https:\/\/web.archive.org\/web\/20200805035754\/https:\/www.google.com\/policies\/privacy\/\"><strong>https:\/\/www.google.com\/policies\/privacy\/<\/strong><\/a>.<\/p><p>Google ist unter dem Privacy-Shield-Abkommen zertifiziert und bietet hierdurch eine Garantie, das europ\u00e4ische Datenschutzrecht einzuhalten (https:\/\/www.privacyshield.gov\/participant?id=a2zt000000001L5AAI&amp;status=Active).<\/p><p><strong>e) Durch die Nutzung von Google Analytics<\/strong><\/p><p>Unsere Webseite benutzt Google Analytics, einen Web-Analysedienst von Google (Google Inc.,1600 Amphitheatre Parkway, Mountain View, CA 94043, USA). Google Analytics verwendet ebenfalls Cookies, die eine Analyse Ihrer Webseitenbenutzung erm\u00f6glichen (zu Cookies siehe bereits oben unter b).<\/p><p>Die durch Cookies erzeugten Informationen \u00fcber Ihre Benutzung dieser Website wie<\/p><ul><li>Browser-Typ\/-Version,<\/li><li>verwendetes Betriebssystem,<\/li><li>Referrer-URL (die zuvor besuchte Seite),<\/li><li>Hostname des zugreifenden Rechners (IP-Adresse),<\/li><li>Uhrzeit der Serveranfrage,<\/li><\/ul><p>werden an einen Server von Google in den USA \u00fcbertragen und dort gespeichert.<\/p><p><strong><em>1. Rechtsgrundlage<\/em><\/strong><\/p><p>Der Einsatz von Google Analytics findet auf Grundlage unserer berechtigten Interessen gem\u00e4\u00df Art. 6 Abs. 1 lit. f. DSGVO und einer Vereinbarung \u00fcber die Auftragsverarbeitung gem\u00e4\u00df Art. 28 Abs. 3 S. 1 DSGVO statt. F\u00fcr uns besteht das Interesse an der Analyse und Optimierung unseres Online-Angebots.<\/p><p><strong><em>2. Zu welchem Zweck werden diese Daten verarbeitet?<\/em><\/strong><\/p><p>Google wertet f\u00fcr uns die Nutzung unseres Onlineangebotes aus, um Reports \u00fcber unsere Aktivit\u00e4ten zusammenzustellen und um weitere, mit der Nutzung dieses Onlineangebotes und der Internetnutzung verbundene Dienstleistungen, uns gegen\u00fcber zu erbringen.<\/p><p><strong><em>3. Speicherung<\/em><\/strong><\/p><p>Wir setzen Google Analytics nur mit aktivierter IP-Anonymisierung ein. Das bedeutet, die IP-Adresse der Nutzer wird von Google innerhalb von Mitgliedstaaten der Europ\u00e4ischen Union oder in anderen Vertragsstaaten des Abkommens \u00fcber den Europ\u00e4ischen Wirtschaftsraum gek\u00fcrzt. Nur in Ausnahmef\u00e4llen wird die volle IP-Adresse an einen Server von Google in den USA \u00fcbertragen und dort gek\u00fcrzt.<\/p><p>Die personenbezogenen Daten der Nutzer werden nach 14 Monaten gel\u00f6scht oder anonymisiert.<\/p><p><strong><em>4. Widerspruch und Beseitigung<\/em><\/strong><\/p><p>Auch hier k\u00f6nnen Sie die Speicherung von Cookies in Ihren Browsereinstellungen anpassen.<br \/>Au\u00dferdem kann die Erfassung von Daten durch Google auch verhindert werden, indem sie das unter folgendem Link verf\u00fcgbare Browser-Plugin herunterladen und installieren:\u00a0<a href=\"https:\/\/web.archive.org\/web\/20200805035754\/http:\/tools.google.com\/dlpage\/gaoptout?hl=de\"><strong>http:\/\/tools.google.com\/dlpage\/gaoptout?hl=de<\/strong><\/a>.<\/p><p>Weitere Informationen k\u00f6nnen Sie zus\u00e4tzlich direkt bei Google in deren Datenschutzerkl\u00e4rung einsehen unter: https:\/\/policies.google.com\/technologies\/ads<\/p><p>Google ist unter dem Privacy-Shield-Abkommen zertifiziert und bietet hierdurch eine Garantie, das europ\u00e4ische Datenschutzrecht einzuhalten (https:\/\/www.privacyshield.gov\/participant?id=a2zt000000001L5AAI&amp;status=Active).<\/p><h4>IV. Was sind Ihre Rechte als Betroffener?<\/h4><p>Werden Ihre personenbezogenen Daten verarbeitet, sind Sie Betroffener im Sinn der DSGVO und es stehen Ihnen folgende Rechte gegen\u00fcber dem Verantwortlichen zu:<\/p><ul><li>Recht auf Auskunft nach Art. 15 DSGVO (Einschr\u00e4nkungen nach \u00a7 34 Bundesdatenschutzgesetz (BDSG) m\u00f6glich)<\/li><li>Recht auf Berichtigung nach Art. 16 DSGVO<\/li><li>Recht auf L\u00f6schung nach Art. 17 DSGVO (Einschr\u00e4nkungen nach \u00a7 35 BDSG m\u00f6glich)<\/li><\/ul><ul><li>Recht auf Einschr\u00e4nkung der Verarbeitung nach Art. 18 DSGVO<\/li><li>Widerspruchsrecht nach Art. 21 DSGVO<\/li><li>Recht auf Daten\u00fcbertragbarkeit nach Art. 20 DSGVO<\/li><li>Recht auf Beschwerde bei einer Aufsichtsbeh\u00f6rde nach Art. 77 DSGVO i. V. m. \u00a7 19 BDSG<\/li><\/ul><p><strong> Wie werden Daten \u00fcbermittelt?<\/strong><\/p><p>Wir nutzen aus Sicherheitsgr\u00fcnden und zum Schutz der \u00dcbertragung vertraulicher Inhalte, die Sie an uns als Seitenbetreiber senden, eine SSL-bzw. TLS-Verschl\u00fcsselung. Eine verschl\u00fcsselte Verbindung erkennen Sie daran, dass die Adresszeile des Browsers von \u201chttp:\/\/\u201d auf \u201chttps:\/\/\u201d wechselt und an dem Schloss-Symbol in Ihrer Browserzeile. Wenn die SSL- bzw. TLS-Verschl\u00fcsselung aktiviert ist, k\u00f6nnen die Daten, die Sie an uns \u00fcbermitteln, nicht von Dritten mitgelesen werden.<strong>VI. Wie kann ich widersprechen?<\/strong><\/p><p>Haben Sie uns f\u00fcr eine Verarbeitung personenbezogener Daten eine Einwilligung erteilt, haben Sie das Recht, Ihre Erkl\u00e4rung jederzeit mit Wirkung f\u00fcr die Zukunft zu widerrufen. Senden Sie dazu Ihren Widerruf per E-Mail oder Post an die oben genannten Kontaktdaten der Ferger Metallbau GmbH.<\/p><h4><strong>VII. Stand der Erkl\u00e4rung<\/strong><\/h4><p>Diese Datenschutzerkl\u00e4rung ist aktuell g\u00fcltig und hat den Stand Juni 2018.<\/p><p>Durch die Weiterentwicklung unserer Website und Angebote dar\u00fcber oder aufgrund ge\u00e4nderter gesetzlicher beziehungsweise beh\u00f6rdlicher Vorgaben kann es notwendig werden, diese Datenschutzerkl\u00e4rung zu \u00e4ndern.<\/p>\t\t\t\t\t\t\t\t<\/div>\n\t\t\t\t<\/div>\n\t\t\t\t\t<\/div>\n\t\t<\/div>\n\t\t\t\t\t<\/div>\n\t\t<\/section>\n\t\t\t\t<\/div>","protected":false},"excerpt":{"rendered":"<p>Datenschutz Datenschutzerkl\u00e4rung Ferger Metallbau GmbH Die Ferger Metallbau GmbH erhebt und verarbeitet im Zusammenhang mit dem Betrieb dieser Website Daten zu Ihrer Person. Der Schutz Ihrer Daten ist uns ein wichtiges Anliegen. Wir behandeln Ihre personenbezogenen Daten deshalb absolut vertraulich und entsprechend der gesetzlichen Datenschutzvorschriften.Unser Onlineangebot kann auch Verlinkungen auf externe Web-Angebote enthalten. F\u00fcr den [&hellip;]<\/p>\n","protected":false},"author":1,"featured_media":0,"parent":0,"menu_order":0,"comment_status":"closed","ping_status":"closed","template":"","meta":{"inline_featured_image":false,"footnotes":""},"class_list":["post-1852","page","type-page","status-publish","hentry"],"_links":{"self":[{"href":"https:\/\/ferger-metallbau.de\/en\/wp-json\/wp\/v2\/pages\/1852","targetHints":{"allow":["GET"]}}],"collection":[{"href":"https:\/\/ferger-metallbau.de\/en\/wp-json\/wp\/v2\/pages"}],"about":[{"href":"https:\/\/ferger-metallbau.de\/en\/wp-json\/wp\/v2\/types\/page"}],"author":[{"embeddable":true,"href":"https:\/\/ferger-metallbau.de\/en\/wp-json\/wp\/v2\/users\/1"}],"replies":[{"embeddable":true,"href":"https:\/\/ferger-metallbau.de\/en\/wp-json\/wp\/v2\/comments?post=1852"}],"version-history":[{"count":16,"href":"https:\/\/ferger-metallbau.de\/en\/wp-json\/wp\/v2\/pages\/1852\/revisions"}],"predecessor-version":[{"id":3581,"href":"https:\/\/ferger-metallbau.de\/en\/wp-json\/wp\/v2\/pages\/1852\/revisions\/3581"}],"wp:attachment":[{"href":"https:\/\/ferger-metallbau.de\/en\/wp-json\/wp\/v2\/media?parent=1852"}],"curies":[{"name":"wp","href":"https:\/\/api.w.org\/{rel}","templated":true}]}}